{"id":19,"date":"2023-01-06T12:45:39","date_gmt":"2023-01-06T11:45:39","guid":{"rendered":"http:\/\/nacheron.at\/?page_id=19"},"modified":"2023-01-06T15:19:15","modified_gmt":"2023-01-06T14:19:15","slug":"about","status":"publish","type":"page","link":"http:\/\/nacheron.at\/index.php\/about\/","title":{"rendered":"\u00dcber Uns"},"content":{"rendered":"\n<h2 class=\"has-large-font-size wp-block-heading\" id=\"inspiro-is-a-digital-product-agency-that-focuses-on-strategy-and-design\" style=\"font-style:normal;font-weight:100\">Interesse am Nachwuchs vom Nacheron? Nehmen Sie gerne Kontakt mit uns auf &#8211; wir informieren Sie \u00fcber aktuelle und geplante W\u00fcrfe von Nacheron +4369917052701<strong>. <\/strong><\/h2>\n\n\n\n<div style=\"height:100px\" aria-hidden=\"true\" class=\"wp-block-spacer\"><\/div>\n\n\n\n<div class=\"wp-block-columns alignwide is-layout-flex wp-container-core-columns-is-layout-9d6595d7 wp-block-columns-is-layout-flex\">\n<div class=\"wp-block-column is-layout-flow wp-block-column-is-layout-flow\">\n<figure class=\"wp-block-image size-full\"><img loading=\"lazy\" decoding=\"async\" width=\"960\" height=\"731\" src=\"http:\/\/nacheron.at\/wp-content\/uploads\/2023\/01\/13690694_1234035583294543_5313957214319367731_n.jpg\" alt=\"\" class=\"wp-image-53\" srcset=\"http:\/\/nacheron.at\/wp-content\/uploads\/2023\/01\/13690694_1234035583294543_5313957214319367731_n.jpg 960w, http:\/\/nacheron.at\/wp-content\/uploads\/2023\/01\/13690694_1234035583294543_5313957214319367731_n-300x228.jpg 300w, http:\/\/nacheron.at\/wp-content\/uploads\/2023\/01\/13690694_1234035583294543_5313957214319367731_n-768x585.jpg 768w\" sizes=\"auto, (max-width: 960px) 100vw, 960px\" \/><\/figure>\n\n\n\n<p class=\"has-black-color has-text-color has-medium-font-size\"><a href=\"http:\/\/nacheron.at\/index.php\/ueber-mich\/\" data-type=\"page\" data-id=\"89\">\u00dcber Mich<\/a><\/p>\n\n\n\n<p class=\"has-text-color\" style=\"color:#7a7a7a\">Alles zur meinen Erfolgen und unserem Zuchtziel erf\u00e4hrst du hier.<\/p>\n<\/div>\n\n\n\n<div class=\"wp-block-column is-layout-flow wp-block-column-is-layout-flow\">\n<figure class=\"wp-block-image size-large\"><img loading=\"lazy\" decoding=\"async\" width=\"1024\" height=\"768\" src=\"http:\/\/nacheron.at\/wp-content\/uploads\/2023\/01\/wel10-1024x768.jpg\" alt=\"\" class=\"wp-image-54\" srcset=\"http:\/\/nacheron.at\/wp-content\/uploads\/2023\/01\/wel10-1024x768.jpg 1024w, http:\/\/nacheron.at\/wp-content\/uploads\/2023\/01\/wel10-300x225.jpg 300w, http:\/\/nacheron.at\/wp-content\/uploads\/2023\/01\/wel10-768x576.jpg 768w, http:\/\/nacheron.at\/wp-content\/uploads\/2023\/01\/wel10.jpg 1040w\" sizes=\"auto, (max-width: 1024px) 100vw, 1024px\" \/><\/figure>\n\n\n\n<p class=\"has-black-color has-text-color has-medium-font-size\"><a href=\"http:\/\/nacheron.at\/index.php\/zucht\/\" data-type=\"page\" data-id=\"104\">Zucht<\/a><\/p>\n\n\n\n<p class=\"has-text-color\" style=\"color:#7a7a7a\">Erfahre hier alles \u00fcber uns Wurf- und Deckmeldungen<\/p>\n<\/div>\n\n\n\n<div class=\"wp-block-column is-layout-flow wp-block-column-is-layout-flow\">\n<figure class=\"wp-block-image size-full\"><img loading=\"lazy\" decoding=\"async\" width=\"500\" height=\"480\" src=\"http:\/\/nacheron.at\/wp-content\/uploads\/2023\/01\/mm.jpg\" alt=\"\" class=\"wp-image-57\" srcset=\"http:\/\/nacheron.at\/wp-content\/uploads\/2023\/01\/mm.jpg 500w, http:\/\/nacheron.at\/wp-content\/uploads\/2023\/01\/mm-300x288.jpg 300w\" sizes=\"auto, (max-width: 500px) 100vw, 500px\" \/><\/figure>\n\n\n\n<p class=\"has-black-color has-text-color has-medium-font-size\"><a href=\"http:\/\/nacheron.at\/index.php\/blog\/\" data-type=\"page\" data-id=\"21\">News<\/a><\/p>\n\n\n\n<p class=\"has-text-color\" style=\"color:#7a7a7a\">Erfahre hier die neusten News von Nacheron`s aus aller Welt.<\/p>\n<\/div>\n<\/div>\n\n\n\n<div style=\"height:100px\" aria-hidden=\"true\" class=\"wp-block-spacer\"><\/div>\n","protected":false},"excerpt":{"rendered":"<p>Interesse am Nachwuchs vom Nacheron? Nehmen Sie gerne Kontakt mit uns auf &#8211; wir informieren Sie \u00fcber aktuelle und geplante W\u00fcrfe von Nacheron +4369917052701. \u00dcber Mich Alles zur meinen Erfolgen und unserem Zuchtziel erf\u00e4hrst du hier. Zucht Erfahre hier alles \u00fcber uns Wurf- und Deckmeldungen News Erfahre hier die neusten News von Nacheron`s aus aller &hellip; <\/p>\n<p class=\"link-more\"><a href=\"http:\/\/nacheron.at\/index.php\/about\/\" class=\"more-link\">Read more<span class=\"screen-reader-text\"> &#8220;\u00dcber Uns&#8221;<\/span><\/a><\/p>\n","protected":false},"author":1,"featured_media":63,"parent":0,"menu_order":0,"comment_status":"closed","ping_status":"closed","template":"","meta":{"two_page_speed":[],"footnotes":""},"class_list":["post-19","page","type-page","status-publish","has-post-thumbnail","hentry"],"_links":{"self":[{"href":"http:\/\/nacheron.at\/index.php\/wp-json\/wp\/v2\/pages\/19","targetHints":{"allow":["GET"]}}],"collection":[{"href":"http:\/\/nacheron.at\/index.php\/wp-json\/wp\/v2\/pages"}],"about":[{"href":"http:\/\/nacheron.at\/index.php\/wp-json\/wp\/v2\/types\/page"}],"author":[{"embeddable":true,"href":"http:\/\/nacheron.at\/index.php\/wp-json\/wp\/v2\/users\/1"}],"replies":[{"embeddable":true,"href":"http:\/\/nacheron.at\/index.php\/wp-json\/wp\/v2\/comments?post=19"}],"version-history":[{"count":8,"href":"http:\/\/nacheron.at\/index.php\/wp-json\/wp\/v2\/pages\/19\/revisions"}],"predecessor-version":[{"id":163,"href":"http:\/\/nacheron.at\/index.php\/wp-json\/wp\/v2\/pages\/19\/revisions\/163"}],"wp:featuredmedia":[{"embeddable":true,"href":"http:\/\/nacheron.at\/index.php\/wp-json\/wp\/v2\/media\/63"}],"wp:attachment":[{"href":"http:\/\/nacheron.at\/index.php\/wp-json\/wp\/v2\/media?parent=19"}],"curies":[{"name":"wp","href":"https:\/\/api.w.org\/{rel}","templated":true}]}}